{"id":13,"date":"2025-08-13T07:52:09","date_gmt":"2025-08-13T07:52:09","guid":{"rendered":"http:\/\/turdav.com.tr\/?page_id=13"},"modified":"2025-08-13T07:52:09","modified_gmt":"2025-08-13T07:52:09","slug":"calisma-ilkemiz","status":"publish","type":"page","link":"http:\/\/turdav.com.tr\/?page_id=13","title":{"rendered":"\u00c7ALI\u015eMA \u0130LKEM\u0130Z"},"content":{"rendered":"\n<h1 class=\"wp-block-heading\">T\u00fcrdav Bas\u0131m Yay\u0131m Tic. ve San.A.\u015e. \u00c7al\u0131\u015fma \u0130lkeleri<\/h1>\n\n\n\n<p>T\u00fcrdav A.\u015e., \u00e7al\u0131\u015fanlar\u0131n\u0131n \u015firket i\u00e7i ve \u015firket d\u0131\u015f\u0131 etkinliklerinde temel prensipler, i\u015f ahl\u00e2k kurallar\u0131 ve y\u00f6netim standartlar\u0131 \u00e7er\u00e7evesinde ulusal ve ulaslararas\u0131 normlara uygun hal ve hareket i\u00e7erisinde olmas\u0131n\u0131 bekler, \u00e7al\u0131\u015fma ilkelerini bu normlara gore belirler. Bu \u00e7al\u0131\u015fma ilkeleri, her ne kadar T\u00fcrdav A.\u015e. taraf\u0131ndan dile getirilse de baz\u0131 ilkelerin kanunlar nezdinde kab\u00fcl g\u00f6rmesi, kanunlar \u00f6n\u00fcnde hukuki ve yasal bir dayanak da te\u015fkil etmektedir.T\u00fcrdav A.\u015e. \u00e7al\u0131\u015fanlar\u0131, \u015firketin kurumsal ba\u015far\u0131s\u0131n\u0131 sa\u011flamak ve di\u011fer kurumsal firmalarla e\u015fit \u015fartlarda rekabet edebilmek i\u00e7in a\u015fa\u011f\u0131da zikredilen temel ilkeleri g\u00f6rev sorumlulu\u011fu bilincinde yerine getirmekle y\u00fck\u00fcml\u00fcd\u00fcr.<\/p>\n\n\n\n<p>\u0130\u015f K\u00fclt\u00fcr\u00fc Kurallar\u0131:<\/p>\n\n\n\n<p>&nbsp; a) &nbsp; &nbsp; &nbsp;D\u00fcr\u00fcstl\u00fck \u0130lkesi: T\u00fcm \u015firket faaliyetlerinde d\u00fcr\u00fcstl\u00fck, ilk \u00f6nceli\u011fimizdir. Gerek \u00e7al\u0131\u015fanlar aras\u0131nda gerek \u015firketle \u00e7al\u0131\u015fanlar aras\u0131nda ve gerekse \u015firketin di\u011fer \u015firketler ve personelleriyle olan ticari ili\u015fkilerinde d\u00fcr\u00fcst hareket etmek, \u015firketin genel karakterini ortaya koymas\u0131 bak\u0131m\u0131ndan \u00f6nem arz etmektedir.&nbsp;<\/p>\n\n\n\n<p>&nbsp; b) &nbsp; &nbsp; &nbsp;Gizlilik \u0130lkesi: Nas\u0131l ki ki\u015finin \u00f6zel ya\u015fam\u0131n\u0131n gizli kalmas\u0131 gerekti\u011fine inan\u0131yorsak, \u015firketlerin de kendilerine ait \u00f6zellerinin gizli kalmas\u0131 gerekti\u011fine inan\u0131yoruz. Ticari s\u0131rlar, antla\u015fmalar, personel bilgileri vb. hususlar\u2026 Bu gizlilik, ancak \u015firket \u00e7al\u0131\u015fanlar\u0131n\u0131n ya da \u015firket y\u00f6netiminin izin ve yetki verdi\u011fi durumlarda kalkabilir. Bunun aksi d\u00fc\u015f\u00fcn\u00fclemez.<\/p>\n\n\n\n<p>&nbsp; c) &nbsp; &nbsp; &nbsp;\u015eirket Menfaat \u0130lkesi: T\u00fcrdav A.\u015e. ve \u00e7al\u0131\u015fanlar\u0131 olarak \u015firketin ve \u00e7al\u0131\u015fanlar\u0131n\u0131n menfaati her zaman \u00f6n plandad\u0131r. Bunun aksi olan menfaat \u00e7at\u0131\u015fmalar\u0131ndan \u015firket ve \u00e7al\u0131\u015fanlar\u0131 olarak uzak oldu\u011fumuzu belirtiriz. \u015eirket ad\u0131n\u0131 kullanarak, ki\u015fisel menfaat elde etmeye \u00e7al\u0131\u015fmak kesinlikle tasvip etmedi\u011fimiz bir davran\u0131\u015ft\u0131r.<\/p>\n\n\n\n<p>Hukuki Sorumluluklar:<\/p>\n\n\n\n<p>&nbsp; a) &nbsp; &nbsp; &nbsp;Yasalara Kar\u015f\u0131: T.C. yasalar\u0131 ve uluslararas\u0131 hukuk \u00e7er\u00e7evesinde, gerek yurt i\u00e7inde gerekse yurt d\u0131\u015f\u0131ndaki faaliyetlerini s\u00fcrd\u00fcr\u00fcr. Yasal zorunluluk \u00e7er\u00e7evesinde kamu kurum ve kurulu\u015flar\u0131nca istenen bilgileri ve belgeleri eksiksiz payla\u015farak y\u00fck\u00fcml\u00fcl\u00fcklerini yerine getirir.<\/p>\n\n\n\n<p>&nbsp; b) &nbsp; &nbsp; &nbsp;\u015eirkete Kar\u015f\u0131: T\u00fcrdav A.\u015e., kendi etik kurallar\u0131 \u00e7er\u00e7evesinde ve profesyonelli\u011fin gerektirdi\u011fi her t\u00fcrl\u00fc faaliyette (etkin ve yetkin oldu\u011fu alanlarda) bulunabilir. T\u00fcrdav A.\u015e., itibar\u0131n\u0131 ve ticari kabiliyetini koruma ve geli\u015ftirme ad\u0131na yasalar\u0131n kendisine tan\u0131d\u0131\u011f\u0131 haklar\u0131 sonuna kadar kullanma bilincindedir. Ticari s\u00f6zle\u015fmeler, taahh\u00fctler, \u015firketleraras\u0131 birle\u015fmeler vs.<\/p>\n\n\n\n<p>&nbsp; c) &nbsp; &nbsp; &nbsp;M\u00fc\u015fterilere Kar\u015f\u0131: M\u00fc\u015fterilerin ihtiya\u00e7 ve taleplerini, hi\u00e7bir \u015fekilde ay\u0131r\u0131m yapmadan, en k\u0131sa zamanda, s\u00f6z verilen kalite standard\u0131 \u00e7er\u00e7evesinde kar\u015f\u0131lama anlay\u0131\u015f\u0131n\u0131 benimsemi\u015ftir. Yasal ve etik kurallar \u00e7er\u00e7evesinde rekabet eder ama haks\u0131z rekabete prim vermez.<\/p>\n\n\n\n<p>&nbsp; d) &nbsp; &nbsp; \u00c7al\u0131\u015fanlara Kar\u015f\u0131: \u00c7al\u0131\u015fanlar\u0131n t\u00fcm haklar\u0131 korundu\u011fu gibi, g\u00fcvenli ve sa\u011fl\u0131kl\u0131 \u00e7al\u0131\u015fma ortam\u0131 olu\u015fturarak ki\u015fisel ve ruhsal geli\u015fimine katk\u0131da bulunur.<\/p>\n\n\n\n<p>&nbsp; e) &nbsp; &nbsp; &nbsp;Ortaklara Kar\u015f\u0131: \u015eirkette s\u00fcrd\u00fcr\u00fclebilir karl\u0131l\u0131k esas oldu\u011fu i\u00e7in ortaklara mali tablolar, stratejiler, yat\u0131r\u0131mlar ve riskler konusunda tam, do\u011fru ve zaman\u0131nda bilgi verilir. Finansal disiplin, \u015feffafl\u0131k, verimlilik ve tasarruf bilinci do\u011frultusunda hareket edilir. Y\u00fck\u00fcml\u00fcl\u00fckler ve taahh\u00fctler yerine getirilir, ortaklar aras\u0131ndaki gizli bilgiler \u015firket i\u00e7inde kal\u0131r.<\/p>\n\n\n\n<p>&nbsp; f) &nbsp; &nbsp; &nbsp; Topluma Kar\u015f\u0131: \u00d6rnek bir vatanda\u015f ve i\u015fletmeci olarak, toplumsal sorunlara duyarl\u0131d\u0131r, kamu yarar\u0131na olan i\u015flerde etkindir. Toplumun gelenek ve&nbsp;<\/p>\n","protected":false},"excerpt":{"rendered":"<p>T\u00fcrdav Bas\u0131m Yay\u0131m Tic. ve San.A.\u015e. \u00c7al\u0131\u015fma \u0130lkeleri T\u00fcrdav A.\u015e., \u00e7al\u0131\u015fanlar\u0131n\u0131n \u015firket i\u00e7i ve \u015firket d\u0131\u015f\u0131 etkinliklerinde temel prensipler, i\u015f ahl\u00e2k kurallar\u0131 ve y\u00f6netim standartlar\u0131 \u00e7er\u00e7evesinde ulusal ve ulaslararas\u0131 normlara uygun hal ve hareket i\u00e7erisinde olmas\u0131n\u0131 bekler, \u00e7al\u0131\u015fma ilkelerini bu normlara gore belirler. Bu \u00e7al\u0131\u015fma ilkeleri, her ne kadar T\u00fcrdav A.\u015e. taraf\u0131ndan dile getirilse de [&hellip;]<\/p>\n","protected":false},"author":1,"featured_media":0,"parent":0,"menu_order":0,"comment_status":"closed","ping_status":"closed","template":"","meta":{"footnotes":""},"class_list":["post-13","page","type-page","status-publish","hentry"],"_links":{"self":[{"href":"http:\/\/turdav.com.tr\/index.php?rest_route=\/wp\/v2\/pages\/13","targetHints":{"allow":["GET"]}}],"collection":[{"href":"http:\/\/turdav.com.tr\/index.php?rest_route=\/wp\/v2\/pages"}],"about":[{"href":"http:\/\/turdav.com.tr\/index.php?rest_route=\/wp\/v2\/types\/page"}],"author":[{"embeddable":true,"href":"http:\/\/turdav.com.tr\/index.php?rest_route=\/wp\/v2\/users\/1"}],"replies":[{"embeddable":true,"href":"http:\/\/turdav.com.tr\/index.php?rest_route=%2Fwp%2Fv2%2Fcomments&post=13"}],"version-history":[{"count":1,"href":"http:\/\/turdav.com.tr\/index.php?rest_route=\/wp\/v2\/pages\/13\/revisions"}],"predecessor-version":[{"id":14,"href":"http:\/\/turdav.com.tr\/index.php?rest_route=\/wp\/v2\/pages\/13\/revisions\/14"}],"wp:attachment":[{"href":"http:\/\/turdav.com.tr\/index.php?rest_route=%2Fwp%2Fv2%2Fmedia&parent=13"}],"curies":[{"name":"wp","href":"https:\/\/api.w.org\/{rel}","templated":true}]}}